{"id":14,"date":"2019-11-03T21:43:16","date_gmt":"2019-11-03T21:43:16","guid":{"rendered":"http:\/\/parcelacion.com\/?page_id=14"},"modified":"2021-12-23T18:17:30","modified_gmt":"2021-12-23T18:17:30","slug":"condominio-la-martina","status":"publish","type":"page","link":"http:\/\/parcelacion.com\/index.php\/condominio-la-martina\/","title":{"rendered":"Proyecto Atalaya en Casablanca"},"content":{"rendered":"\n<p><strong>Desde UF 1.750.-<\/strong>   <strong>Por lanzamiento 1\u00aa etapa<\/strong><\/p>\n\n\n\n<h2>Preciosas parcelas de agrado, ubicadas en el Valle de Casablanca, en el coraz\u00f3n de la cordillera de la Costa, a solo 22 km del Oc\u00e9ano Pac\u00edfico.  A 80 km desde Santiago.<\/h2>\n\n\n\n<h2>Hermosos terrenos con suaves lomajes y plantaciones de vi\u00f1edos.  <\/h2>\n\n\n\n<h2>\u00a1Precio oferta para las primeras 34 parcelas en venta!  \u00daltimos lotes disponibles en la Etapa 1.    <\/h2>\n\n\n\n<h2>Proyecto incluye port\u00f3n autom\u00e1tico de entrada, caseta de guardia, electricidad subterr\u00e1nea, red de agua por remarcador, reglamento de copropiedad, caminos de maicillo. <\/h2>\n\n\n\n<h2>Parcelas cuentan con rol propio.      <\/h2>\n\n\n\n<h2>Ex Vi\u00f1a Lapostolle.        <\/h2>\n\n\n\n<h2>Ubicaci\u00f3n: <a href=\"https:\/\/goo.gl\/maps\/SkJ131TcaodwFfSh6\">https:\/\/goo.gl\/maps\/SkJ131TcaodwFfSh6<\/a><\/h2>\n\n\n\n<figure class=\"wp-block-image size-large\"><img loading=\"lazy\" width=\"1024\" height=\"677\" src=\"http:\/\/parcelacion.com\/wp-content\/uploads\/2021\/03\/c7f807eb-c541-4565-bbe6-55641b88e55b.jpg\" alt=\"\" class=\"wp-image-171\" srcset=\"http:\/\/parcelacion.com\/wp-content\/uploads\/2021\/03\/c7f807eb-c541-4565-bbe6-55641b88e55b.jpg 1024w, http:\/\/parcelacion.com\/wp-content\/uploads\/2021\/03\/c7f807eb-c541-4565-bbe6-55641b88e55b-300x198.jpg 300w, http:\/\/parcelacion.com\/wp-content\/uploads\/2021\/03\/c7f807eb-c541-4565-bbe6-55641b88e55b-768x508.jpg 768w\" sizes=\"(max-width: 767px) 89vw, (max-width: 1000px) 54vw, (max-width: 1071px) 543px, 580px\" \/><\/figure>\n\n\n\n<figure class=\"wp-block-image size-large\"><img loading=\"lazy\" width=\"668\" height=\"992\" src=\"http:\/\/parcelacion.com\/wp-content\/uploads\/2021\/03\/1ee5ae57-49c7-4a28-879a-4cea2f9ff7fc.jpg\" alt=\"\" class=\"wp-image-172\" srcset=\"http:\/\/parcelacion.com\/wp-content\/uploads\/2021\/03\/1ee5ae57-49c7-4a28-879a-4cea2f9ff7fc.jpg 668w, http:\/\/parcelacion.com\/wp-content\/uploads\/2021\/03\/1ee5ae57-49c7-4a28-879a-4cea2f9ff7fc-202x300.jpg 202w\" sizes=\"(max-width: 668px) 100vw, 668px\" \/><\/figure>\n\n\n\n<figure class=\"wp-block-image size-large\"><img loading=\"lazy\" width=\"729\" height=\"993\" src=\"http:\/\/parcelacion.com\/wp-content\/uploads\/2021\/03\/996d3fe8-8e17-4db0-8a14-3d9ca7e38548.jpg\" alt=\"\" class=\"wp-image-173\" srcset=\"http:\/\/parcelacion.com\/wp-content\/uploads\/2021\/03\/996d3fe8-8e17-4db0-8a14-3d9ca7e38548.jpg 729w, http:\/\/parcelacion.com\/wp-content\/uploads\/2021\/03\/996d3fe8-8e17-4db0-8a14-3d9ca7e38548-220x300.jpg 220w\" sizes=\"(max-width: 729px) 100vw, 729px\" \/><\/figure>\n\n\n\n<figure class=\"wp-block-image size-large\"><img loading=\"lazy\" width=\"1024\" height=\"681\" src=\"http:\/\/parcelacion.com\/wp-content\/uploads\/2021\/03\/f23d9cba-289d-4e80-ba52-c70a42a2d2bd.jpg\" alt=\"\" class=\"wp-image-174\" srcset=\"http:\/\/parcelacion.com\/wp-content\/uploads\/2021\/03\/f23d9cba-289d-4e80-ba52-c70a42a2d2bd.jpg 1024w, http:\/\/parcelacion.com\/wp-content\/uploads\/2021\/03\/f23d9cba-289d-4e80-ba52-c70a42a2d2bd-300x200.jpg 300w, http:\/\/parcelacion.com\/wp-content\/uploads\/2021\/03\/f23d9cba-289d-4e80-ba52-c70a42a2d2bd-768x511.jpg 768w\" sizes=\"(max-width: 767px) 89vw, (max-width: 1000px) 54vw, (max-width: 1071px) 543px, 580px\" \/><\/figure>\n\n\n\n<figure class=\"wp-block-image size-large\"><img loading=\"lazy\" width=\"1024\" height=\"748\" src=\"http:\/\/parcelacion.com\/wp-content\/uploads\/2021\/03\/726d360d-d799-495b-98f3-887c271cf543.jpg\" alt=\"\" class=\"wp-image-175\" srcset=\"http:\/\/parcelacion.com\/wp-content\/uploads\/2021\/03\/726d360d-d799-495b-98f3-887c271cf543.jpg 1024w, http:\/\/parcelacion.com\/wp-content\/uploads\/2021\/03\/726d360d-d799-495b-98f3-887c271cf543-300x219.jpg 300w, http:\/\/parcelacion.com\/wp-content\/uploads\/2021\/03\/726d360d-d799-495b-98f3-887c271cf543-768x561.jpg 768w\" sizes=\"(max-width: 767px) 89vw, (max-width: 1000px) 54vw, (max-width: 1071px) 543px, 580px\" \/><\/figure>\n\n\n\n<figure class=\"wp-block-gallery columns-1 is-cropped\"><ul class=\"blocks-gallery-grid\"><li class=\"blocks-gallery-item\"><figure><img loading=\"lazy\" width=\"647\" height=\"1024\" src=\"http:\/\/parcelacion.com\/wp-content\/uploads\/2021\/12\/e90ae2f7-df65-4a17-a909-9a43dcdb411a-1.jpg\" alt=\"\" data-id=\"219\" data-full-url=\"http:\/\/parcelacion.com\/wp-content\/uploads\/2021\/12\/e90ae2f7-df65-4a17-a909-9a43dcdb411a-1.jpg\" data-link=\"http:\/\/parcelacion.com\/index.php\/condominio-la-martina\/e90ae2f7-df65-4a17-a909-9a43dcdb411a-1\/\" class=\"wp-image-219\" srcset=\"http:\/\/parcelacion.com\/wp-content\/uploads\/2021\/12\/e90ae2f7-df65-4a17-a909-9a43dcdb411a-1.jpg 647w, http:\/\/parcelacion.com\/wp-content\/uploads\/2021\/12\/e90ae2f7-df65-4a17-a909-9a43dcdb411a-1-190x300.jpg 190w\" sizes=\"(max-width: 647px) 100vw, 647px\" \/><\/figure><\/li><\/ul><\/figure>\n\n\n\n<p>M\u00e1s detalles en <a href=\"https:\/\/www.bfpropiedades.cl\/property\/parcelas-condominio-atalaya-casablanca\">https:\/\/www.bfpropiedades.cl\/property\/parcelas-condominio-atalaya-casablanca<\/a><\/p>\n\n\n\n<p><\/p>\n","protected":false},"excerpt":{"rendered":"<p>Desde UF 1.750.- Por lanzamiento 1\u00aa etapa Preciosas parcelas de agrado, ubicadas en el Valle de Casablanca, en el coraz\u00f3n de la cordillera de la Costa, a solo 22 km del Oc\u00e9ano Pac\u00edfico. A 80 km desde Santiago. Hermosos terrenos con suaves lomajes y plantaciones de vi\u00f1edos. \u00a1Precio oferta para las primeras 34 parcelas en &hellip; <\/p>\n<p class=\"link-more\"><a href=\"http:\/\/parcelacion.com\/index.php\/condominio-la-martina\/\" class=\"more-link\">Continue reading<span class=\"screen-reader-text\"> &#8220;Proyecto Atalaya en Casablanca&#8221;<\/span><\/a><\/p>\n","protected":false},"author":2,"featured_media":0,"parent":0,"menu_order":0,"comment_status":"closed","ping_status":"closed","template":"","meta":[],"_links":{"self":[{"href":"http:\/\/parcelacion.com\/index.php\/wp-json\/wp\/v2\/pages\/14"}],"collection":[{"href":"http:\/\/parcelacion.com\/index.php\/wp-json\/wp\/v2\/pages"}],"about":[{"href":"http:\/\/parcelacion.com\/index.php\/wp-json\/wp\/v2\/types\/page"}],"author":[{"embeddable":true,"href":"http:\/\/parcelacion.com\/index.php\/wp-json\/wp\/v2\/users\/2"}],"replies":[{"embeddable":true,"href":"http:\/\/parcelacion.com\/index.php\/wp-json\/wp\/v2\/comments?post=14"}],"version-history":[{"count":22,"href":"http:\/\/parcelacion.com\/index.php\/wp-json\/wp\/v2\/pages\/14\/revisions"}],"predecessor-version":[{"id":221,"href":"http:\/\/parcelacion.com\/index.php\/wp-json\/wp\/v2\/pages\/14\/revisions\/221"}],"wp:attachment":[{"href":"http:\/\/parcelacion.com\/index.php\/wp-json\/wp\/v2\/media?parent=14"}],"curies":[{"name":"wp","href":"https:\/\/api.w.org\/{rel}","templated":true}]}}