{"id":238,"date":"2024-05-29T02:41:33","date_gmt":"2024-05-29T02:41:33","guid":{"rendered":"http:\/\/parcelacion.com\/?page_id=238"},"modified":"2024-09-03T19:59:28","modified_gmt":"2024-09-03T19:59:28","slug":"parcelacion-la-martina-de-lonquen-talagante","status":"publish","type":"page","link":"http:\/\/parcelacion.com\/index.php\/parcelacion-la-martina-de-lonquen-talagante\/","title":{"rendered":"Parcelaci\u00f3n La Martina de Lonqu\u00e9n, Talagante"},"content":{"rendered":"\n<p>\u00a1Gran oferta por tiempo limitado!<br>UF2.490.- pago al contado.<br>UF2.690.- cr\u00e9dito bancario.<\/p>\n\n\n\n<p>Precios de lista:<br>UF2.990.- oferta por pago al contado.<br>UF3.290.- pago con cr\u00e9dito bancario<\/p>\n\n\n\n<p>Lotes de 5.000 mt2 en Parcelaciones La Martina I y II de Lonqu\u00e9n.<\/p>\n\n\n\n<p>Ubicadas en acceso pavimentado por Camino Los Perros, Paradero 38 de Avda. Lonqu\u00e9n Sur, Comuna de Talagante.<\/p>\n\n\n\n<p>Cada parcela cuenta con rol propio, en terrenos con nogales.<\/p>\n\n\n\n<p>Parcelaci\u00f3n cuenta con reglamento de copropiedad, electricidad subterr\u00e1nea con remarcador, port\u00f3n de entrada y caminos interiores de tierra estabilizados.<\/p>\n\n\n\n<p>Excelente conectividad, entre rutas 78 (autopista del sol) y 5 sur. Cercano a comercio y colegios.<\/p>\n\n\n\n<p>Ubicaci\u00f3n: https:\/\/goo.gl\/maps\/941xqPeAarU4GEUm9<\/p>\n\n\n\n<figure class=\"wp-block-image size-large\"><img src=\"http:\/\/parcelacion.com\/wp-content\/uploads\/2024\/05\/WhatsApp-Image-2024-05-28-at-15.27.41-771x1024.jpeg\" alt=\"\" class=\"wp-image-239\"\/><\/figure>\n\n\n\n<p><\/p>\n\n\n\n<figure class=\"wp-block-image size-large\"><img loading=\"lazy\" width=\"1024\" height=\"771\" src=\"http:\/\/parcelacion.com\/wp-content\/uploads\/2024\/05\/WhatsApp-Image-2024-05-28-at-15.27.42-1024x771.jpeg\" alt=\"\" class=\"wp-image-241\" srcset=\"http:\/\/parcelacion.com\/wp-content\/uploads\/2024\/05\/WhatsApp-Image-2024-05-28-at-15.27.42-1024x771.jpeg 1024w, http:\/\/parcelacion.com\/wp-content\/uploads\/2024\/05\/WhatsApp-Image-2024-05-28-at-15.27.42-300x226.jpeg 300w, http:\/\/parcelacion.com\/wp-content\/uploads\/2024\/05\/WhatsApp-Image-2024-05-28-at-15.27.42-768x578.jpeg 768w, http:\/\/parcelacion.com\/wp-content\/uploads\/2024\/05\/WhatsApp-Image-2024-05-28-at-15.27.42-1536x1156.jpeg 1536w, http:\/\/parcelacion.com\/wp-content\/uploads\/2024\/05\/WhatsApp-Image-2024-05-28-at-15.27.42.jpeg 1600w\" sizes=\"(max-width: 767px) 89vw, (max-width: 1000px) 54vw, (max-width: 1071px) 543px, 580px\" \/><\/figure>\n\n\n\n<p><\/p>\n\n\n\n<figure class=\"wp-block-image size-large\"><img loading=\"lazy\" width=\"771\" height=\"1024\" src=\"http:\/\/parcelacion.com\/wp-content\/uploads\/2024\/05\/WhatsApp-Image-2024-05-28-at-15.27.43-2-771x1024.jpeg\" alt=\"\" class=\"wp-image-242\" srcset=\"http:\/\/parcelacion.com\/wp-content\/uploads\/2024\/05\/WhatsApp-Image-2024-05-28-at-15.27.43-2-771x1024.jpeg 771w, http:\/\/parcelacion.com\/wp-content\/uploads\/2024\/05\/WhatsApp-Image-2024-05-28-at-15.27.43-2-226x300.jpeg 226w, http:\/\/parcelacion.com\/wp-content\/uploads\/2024\/05\/WhatsApp-Image-2024-05-28-at-15.27.43-2-768x1021.jpeg 768w, http:\/\/parcelacion.com\/wp-content\/uploads\/2024\/05\/WhatsApp-Image-2024-05-28-at-15.27.43-2-1156x1536.jpeg 1156w, http:\/\/parcelacion.com\/wp-content\/uploads\/2024\/05\/WhatsApp-Image-2024-05-28-at-15.27.43-2.jpeg 1204w\" sizes=\"(max-width: 767px) 89vw, (max-width: 1000px) 54vw, (max-width: 1071px) 543px, 580px\" \/><\/figure>\n\n\n\n<p><\/p>\n\n\n\n<figure class=\"wp-block-image size-large\"><img loading=\"lazy\" width=\"771\" height=\"1024\" src=\"http:\/\/parcelacion.com\/wp-content\/uploads\/2024\/05\/WhatsApp-Image-2024-05-28-at-15.27.43-4-771x1024.jpeg\" alt=\"\" class=\"wp-image-243\" srcset=\"http:\/\/parcelacion.com\/wp-content\/uploads\/2024\/05\/WhatsApp-Image-2024-05-28-at-15.27.43-4-771x1024.jpeg 771w, http:\/\/parcelacion.com\/wp-content\/uploads\/2024\/05\/WhatsApp-Image-2024-05-28-at-15.27.43-4-226x300.jpeg 226w, http:\/\/parcelacion.com\/wp-content\/uploads\/2024\/05\/WhatsApp-Image-2024-05-28-at-15.27.43-4-768x1021.jpeg 768w, http:\/\/parcelacion.com\/wp-content\/uploads\/2024\/05\/WhatsApp-Image-2024-05-28-at-15.27.43-4-1156x1536.jpeg 1156w, http:\/\/parcelacion.com\/wp-content\/uploads\/2024\/05\/WhatsApp-Image-2024-05-28-at-15.27.43-4.jpeg 1204w\" sizes=\"(max-width: 767px) 89vw, (max-width: 1000px) 54vw, (max-width: 1071px) 543px, 580px\" \/><\/figure>\n\n\n\n<p><\/p>\n\n\n\n<figure class=\"wp-block-image size-large\"><img loading=\"lazy\" width=\"1024\" height=\"771\" src=\"http:\/\/parcelacion.com\/wp-content\/uploads\/2024\/05\/WhatsApp-Image-2024-05-28-at-15.27.56-1024x771.jpeg\" alt=\"\" class=\"wp-image-244\" srcset=\"http:\/\/parcelacion.com\/wp-content\/uploads\/2024\/05\/WhatsApp-Image-2024-05-28-at-15.27.56-1024x771.jpeg 1024w, http:\/\/parcelacion.com\/wp-content\/uploads\/2024\/05\/WhatsApp-Image-2024-05-28-at-15.27.56-300x226.jpeg 300w, http:\/\/parcelacion.com\/wp-content\/uploads\/2024\/05\/WhatsApp-Image-2024-05-28-at-15.27.56-768x578.jpeg 768w, http:\/\/parcelacion.com\/wp-content\/uploads\/2024\/05\/WhatsApp-Image-2024-05-28-at-15.27.56-1536x1156.jpeg 1536w, http:\/\/parcelacion.com\/wp-content\/uploads\/2024\/05\/WhatsApp-Image-2024-05-28-at-15.27.56.jpeg 1600w\" sizes=\"(max-width: 767px) 89vw, (max-width: 1000px) 54vw, (max-width: 1071px) 543px, 580px\" \/><\/figure>\n\n\n\n<p><\/p>\n\n\n\n<figure class=\"wp-block-image size-large\"><img loading=\"lazy\" width=\"771\" height=\"1024\" src=\"http:\/\/parcelacion.com\/wp-content\/uploads\/2024\/05\/WhatsApp-Image-2024-05-28-at-15.27.57-2-771x1024.jpeg\" alt=\"\" class=\"wp-image-245\" srcset=\"http:\/\/parcelacion.com\/wp-content\/uploads\/2024\/05\/WhatsApp-Image-2024-05-28-at-15.27.57-2-771x1024.jpeg 771w, http:\/\/parcelacion.com\/wp-content\/uploads\/2024\/05\/WhatsApp-Image-2024-05-28-at-15.27.57-2-226x300.jpeg 226w, http:\/\/parcelacion.com\/wp-content\/uploads\/2024\/05\/WhatsApp-Image-2024-05-28-at-15.27.57-2-768x1021.jpeg 768w, http:\/\/parcelacion.com\/wp-content\/uploads\/2024\/05\/WhatsApp-Image-2024-05-28-at-15.27.57-2-1156x1536.jpeg 1156w, http:\/\/parcelacion.com\/wp-content\/uploads\/2024\/05\/WhatsApp-Image-2024-05-28-at-15.27.57-2.jpeg 1204w\" sizes=\"(max-width: 767px) 89vw, (max-width: 1000px) 54vw, (max-width: 1071px) 543px, 580px\" \/><\/figure>\n\n\n\n<p><\/p>\n\n\n\n<figure class=\"wp-block-image size-large\"><img loading=\"lazy\" width=\"771\" height=\"1024\" src=\"http:\/\/parcelacion.com\/wp-content\/uploads\/2024\/05\/WhatsApp-Image-2024-05-28-at-15.28.01-1-771x1024.jpeg\" alt=\"\" class=\"wp-image-247\" srcset=\"http:\/\/parcelacion.com\/wp-content\/uploads\/2024\/05\/WhatsApp-Image-2024-05-28-at-15.28.01-1-771x1024.jpeg 771w, http:\/\/parcelacion.com\/wp-content\/uploads\/2024\/05\/WhatsApp-Image-2024-05-28-at-15.28.01-1-226x300.jpeg 226w, http:\/\/parcelacion.com\/wp-content\/uploads\/2024\/05\/WhatsApp-Image-2024-05-28-at-15.28.01-1-768x1021.jpeg 768w, http:\/\/parcelacion.com\/wp-content\/uploads\/2024\/05\/WhatsApp-Image-2024-05-28-at-15.28.01-1-1156x1536.jpeg 1156w, http:\/\/parcelacion.com\/wp-content\/uploads\/2024\/05\/WhatsApp-Image-2024-05-28-at-15.28.01-1.jpeg 1204w\" sizes=\"(max-width: 767px) 89vw, (max-width: 1000px) 54vw, (max-width: 1071px) 543px, 580px\" \/><\/figure>\n","protected":false},"excerpt":{"rendered":"<p>\u00a1Gran oferta por tiempo limitado!UF2.490.- pago al contado.UF2.690.- cr\u00e9dito bancario. Precios de lista:UF2.990.- oferta por pago al contado.UF3.290.- pago con cr\u00e9dito bancario Lotes de 5.000 mt2 en Parcelaciones La Martina I y II de Lonqu\u00e9n. Ubicadas en acceso pavimentado por Camino Los Perros, Paradero 38 de Avda. Lonqu\u00e9n Sur, Comuna de Talagante. Cada parcela cuenta &hellip; <\/p>\n<p class=\"link-more\"><a href=\"http:\/\/parcelacion.com\/index.php\/parcelacion-la-martina-de-lonquen-talagante\/\" class=\"more-link\">Continue reading<span class=\"screen-reader-text\"> &#8220;Parcelaci\u00f3n La Martina de Lonqu\u00e9n, Talagante&#8221;<\/span><\/a><\/p>\n","protected":false},"author":2,"featured_media":0,"parent":0,"menu_order":0,"comment_status":"closed","ping_status":"closed","template":"","meta":[],"_links":{"self":[{"href":"http:\/\/parcelacion.com\/index.php\/wp-json\/wp\/v2\/pages\/238"}],"collection":[{"href":"http:\/\/parcelacion.com\/index.php\/wp-json\/wp\/v2\/pages"}],"about":[{"href":"http:\/\/parcelacion.com\/index.php\/wp-json\/wp\/v2\/types\/page"}],"author":[{"embeddable":true,"href":"http:\/\/parcelacion.com\/index.php\/wp-json\/wp\/v2\/users\/2"}],"replies":[{"embeddable":true,"href":"http:\/\/parcelacion.com\/index.php\/wp-json\/wp\/v2\/comments?post=238"}],"version-history":[{"count":4,"href":"http:\/\/parcelacion.com\/index.php\/wp-json\/wp\/v2\/pages\/238\/revisions"}],"predecessor-version":[{"id":254,"href":"http:\/\/parcelacion.com\/index.php\/wp-json\/wp\/v2\/pages\/238\/revisions\/254"}],"wp:attachment":[{"href":"http:\/\/parcelacion.com\/index.php\/wp-json\/wp\/v2\/media?parent=238"}],"curies":[{"name":"wp","href":"https:\/\/api.w.org\/{rel}","templated":true}]}}