{"id":46,"date":"2019-11-04T00:16:48","date_gmt":"2019-11-04T00:16:48","guid":{"rendered":"http:\/\/parcelacion.com\/?page_id=46"},"modified":"2021-07-26T22:50:30","modified_gmt":"2021-07-26T22:50:30","slug":"contacto","status":"publish","type":"page","link":"https:\/\/parcelacion.com\/","title":{"rendered":"Contacto"},"content":{"rendered":"\n<p>Si quieres tener m\u00e1s informaci\u00f3n sobre las parcelas y terrenos, puedes ubicarnos en los siguientes correos electr\u00f3nicos o n\u00famero telef\u00f3nico:<\/p>\n\n\n\n<p><a href=\"mailto:contacto@parcelacion.com\">contacto@parcelacion.com<\/a><\/p>\n\n\n\n<p><a href=\"mailto:contacto@bfpropiedades.cl\">contacto@bfpropiedades.cl<\/a><\/p>\n\n\n\n<p><a href=\"tel:+56227248605\">+562 2724 8605<\/a><\/p>\n\n\n\n<p>O puedes completar este formulario y te contactaremos a la brevedad:  <\/p>\n\n\n\n<p><strong>!Formulario temporalmente fuera de servicio!<\/strong><\/p>\n\n\n<div role=\"form\" class=\"wpcf7\" id=\"wpcf7-f106-o1\" lang=\"en-US\" dir=\"ltr\">\n<div class=\"screen-reader-response\"><p role=\"status\" aria-live=\"polite\" aria-atomic=\"true\"><\/p> <ul><\/ul><\/div>\n<form action=\"\/index.php\/wp-json\/wp\/v2\/pages\/46#wpcf7-f106-o1\" method=\"post\" class=\"wpcf7-form init\" novalidate=\"novalidate\" data-status=\"init\">\n<div style=\"display: none;\">\n<input type=\"hidden\" name=\"_wpcf7\" value=\"106\" \/>\n<input type=\"hidden\" name=\"_wpcf7_version\" value=\"5.5.6.1\" \/>\n<input type=\"hidden\" name=\"_wpcf7_locale\" value=\"en_US\" \/>\n<input type=\"hidden\" name=\"_wpcf7_unit_tag\" value=\"wpcf7-f106-o1\" \/>\n<input type=\"hidden\" name=\"_wpcf7_container_post\" value=\"0\" \/>\n<input type=\"hidden\" name=\"_wpcf7_posted_data_hash\" value=\"\" \/>\n<\/div>\n<p><label> Nombre (requerido)<br \/>\n    <span class=\"wpcf7-form-control-wrap your-name\"><input type=\"text\" name=\"your-name\" value=\"\" size=\"40\" class=\"wpcf7-form-control wpcf7-text wpcf7-validates-as-required\" aria-required=\"true\" aria-invalid=\"false\" \/><\/span> <\/label><\/p>\n<p><label> Email (requerido)<br \/>\n    <span class=\"wpcf7-form-control-wrap your-email\"><input type=\"email\" name=\"your-email\" value=\"\" size=\"40\" class=\"wpcf7-form-control wpcf7-text wpcf7-email wpcf7-validates-as-required wpcf7-validates-as-email\" aria-required=\"true\" aria-invalid=\"false\" \/><\/span> <\/label><\/p>\n<p><label> Asunto<br \/>\n    <span class=\"wpcf7-form-control-wrap your-subject\"><input type=\"text\" name=\"your-subject\" value=\"\" size=\"40\" class=\"wpcf7-form-control wpcf7-text\" aria-invalid=\"false\" \/><\/span> <\/label><\/p>\n<p> \u00bfQu\u00e9 proyecto te interesa? <span class=\"wpcf7-form-control-wrap radio-225\"><span class=\"wpcf7-form-control wpcf7-radio\"><span class=\"wpcf7-list-item first\"><input type=\"radio\" name=\"radio-225\" value=\"Condominio Atalaya\" checked=\"checked\" \/><span class=\"wpcf7-list-item-label\">Condominio Atalaya<\/span><\/span><span class=\"wpcf7-list-item\"><input type=\"radio\" name=\"radio-225\" value=\"Condominio Las Brisas\" \/><span class=\"wpcf7-list-item-label\">Condominio Las Brisas<\/span><\/span><span class=\"wpcf7-list-item last\"><input type=\"radio\" name=\"radio-225\" value=\"Condominio San Jos\u00e9\" \/><span class=\"wpcf7-list-item-label\">Condominio San Jos\u00e9<\/span><\/span><\/span><\/span><\/p>\n<p><label> Mensaje<br \/>\n    <span class=\"wpcf7-form-control-wrap your-message\"><textarea name=\"your-message\" cols=\"40\" rows=\"10\" class=\"wpcf7-form-control wpcf7-textarea\" aria-invalid=\"false\"><\/textarea><\/span> <\/label><\/p>\n<p><input type=\"submit\" value=\"Enviar\" class=\"wpcf7-form-control has-spinner wpcf7-submit\" \/><\/p>\n<div class=\"wpcf7-response-output\" aria-hidden=\"true\"><\/div><\/form><\/div>\n\n\n\n<p><\/p>\n","protected":false},"excerpt":{"rendered":"<p>Si quieres tener m\u00e1s informaci\u00f3n sobre las parcelas y terrenos, puedes ubicarnos en los siguientes correos electr\u00f3nicos o n\u00famero telef\u00f3nico: contacto@parcelacion.com contacto@bfpropiedades.cl +562 2724 8605 O puedes completar este formulario y te contactaremos a la brevedad: !Formulario temporalmente fuera de servicio!<\/p>\n","protected":false},"author":2,"featured_media":0,"parent":0,"menu_order":0,"comment_status":"closed","ping_status":"closed","template":"","meta":[],"_links":{"self":[{"href":"https:\/\/parcelacion.com\/index.php\/wp-json\/wp\/v2\/pages\/46"}],"collection":[{"href":"https:\/\/parcelacion.com\/index.php\/wp-json\/wp\/v2\/pages"}],"about":[{"href":"https:\/\/parcelacion.com\/index.php\/wp-json\/wp\/v2\/types\/page"}],"author":[{"embeddable":true,"href":"https:\/\/parcelacion.com\/index.php\/wp-json\/wp\/v2\/users\/2"}],"replies":[{"embeddable":true,"href":"https:\/\/parcelacion.com\/index.php\/wp-json\/wp\/v2\/comments?post=46"}],"version-history":[{"count":12,"href":"https:\/\/parcelacion.com\/index.php\/wp-json\/wp\/v2\/pages\/46\/revisions"}],"predecessor-version":[{"id":214,"href":"https:\/\/parcelacion.com\/index.php\/wp-json\/wp\/v2\/pages\/46\/revisions\/214"}],"wp:attachment":[{"href":"https:\/\/parcelacion.com\/index.php\/wp-json\/wp\/v2\/media?parent=46"}],"curies":[{"name":"wp","href":"https:\/\/api.w.org\/{rel}","templated":true}]}}